{"id":2,"date":"2024-08-01T09:20:10","date_gmt":"2024-08-01T07:20:10","guid":{"rendered":"\/?page_id=2"},"modified":"2024-10-12T15:19:47","modified_gmt":"2024-10-12T13:19:47","slug":"beispiel-seite","status":"publish","type":"page","link":"https:\/\/pairodice.de\/de\/","title":{"rendered":"Worum geht es hier eigentlich?"},"content":{"rendered":"<p>Pair O&#8216; Dice sind ein <a href=\"https:\/\/pairodice.de\/what-is-filk\/\">Filk<\/a>-Duo und gelegentlich auch ein <a href=\"https:\/\/pairodice.de\/about-us\/\">Trio<\/a>. Ihre \u00fcberwiegend akustische Musik ist durch Folk, Kunstlied und Liedermacher beeinflusst. Ihre <a href=\"https:\/\/pairodice.de\/songs\/\">Texte<\/a> erz\u00e4hlen fantastische, unheimliche oder tragische Geschichten. Sie spielen Gitarre, Klavier, Blockfl\u00f6te, Bass, Geige, Percussion und mehr. S\u00fc\u00dfe Melodien und reiche Harmonien umspielen die bitteren Texte, um den Zuh\u00f6renden <a href=\"https:\/\/pairodice.de\/album_three\/\">ein k\u00f6stliches und denkw\u00fcrdiges musikalisches Festmahl<\/a> zu bereiten.<\/p>","protected":false},"excerpt":{"rendered":"<p>Pair O&#8216; Dice sind ein Filk-Duo und gelegentlich auch ein Trio. Ihre \u00fcberwiegend akustische Musik ist durch Folk, Kunstlied und Liedermacher beeinflusst. Ihre Texte erz\u00e4hlen fantastische, unheimliche oder tragische Geschichten. Sie spielen Gitarre, Klavier, Blockfl\u00f6te, Bass, Geige, Percussion und mehr. S\u00fc\u00dfe Melodien und reiche Harmonien umspielen die bitteren Texte, um den Zuh\u00f6renden ein k\u00f6stliches und&hellip; <\/p>\n","protected":false},"author":1,"featured_media":0,"parent":0,"menu_order":0,"comment_status":"closed","ping_status":"open","template":"","meta":{"footnotes":""},"class_list":["post-2","page","type-page","status-publish","hentry"],"_links":{"self":[{"href":"https:\/\/pairodice.de\/de\/wp-json\/wp\/v2\/pages\/2","targetHints":{"allow":["GET"]}}],"collection":[{"href":"https:\/\/pairodice.de\/de\/wp-json\/wp\/v2\/pages"}],"about":[{"href":"https:\/\/pairodice.de\/de\/wp-json\/wp\/v2\/types\/page"}],"author":[{"embeddable":true,"href":"https:\/\/pairodice.de\/de\/wp-json\/wp\/v2\/users\/1"}],"replies":[{"embeddable":true,"href":"https:\/\/pairodice.de\/de\/wp-json\/wp\/v2\/comments?post=2"}],"version-history":[{"count":7,"href":"https:\/\/pairodice.de\/de\/wp-json\/wp\/v2\/pages\/2\/revisions"}],"predecessor-version":[{"id":958,"href":"https:\/\/pairodice.de\/de\/wp-json\/wp\/v2\/pages\/2\/revisions\/958"}],"wp:attachment":[{"href":"https:\/\/pairodice.de\/de\/wp-json\/wp\/v2\/media?parent=2"}],"curies":[{"name":"wp","href":"https:\/\/api.w.org\/{rel}","templated":true}]}}