{"id":25,"date":"2024-08-24T22:42:30","date_gmt":"2024-08-24T20:42:30","guid":{"rendered":"https:\/\/pair-o-dice.filk.de\/?page_id=25"},"modified":"2024-09-29T21:19:21","modified_gmt":"2024-09-29T19:19:21","slug":"impressum","status":"publish","type":"page","link":"https:\/\/pairodice.de\/de\/impressum\/","title":{"rendered":"Impressum"},"content":{"rendered":"<p><strong><br \/>\nKontakt \/ Contact:<br \/>\n<\/strong>Rafael Van Daele-Hunt<br \/>\nHeinigstr. 50<br \/>\n67059 Ludwigshafen am Rhein<br \/>\nE-Mail:\u00a0info @ pairodice.de<br \/>\nTelefon: 0621 59 81 04 83<\/p>\n<p><strong><a href=\"\/datenschutz\/&quot;\">Datenschutzerkl\u00e4rung \/ Privacy Policy<\/a><\/strong><\/p>\n<p><strong>Webdesign:<\/strong><br \/>\nWordpress Theme &#8222;Edge Plus&#8220; by <a href=\"https:\/\/themefreesia.com\/\">Theme Freesia<\/a>; adapted by Katy Dr\u00f6ge-Macdonald @<a href=\"https:\/\/triskelionproductions.de\/services\/webdesign\/\">Triskelion Productions<\/a><\/p>\n<p><strong>Fonts:<\/strong><br \/>\nLogo-Font: Barton \u00a9 Lettersiro 2019. All Rights Reserved. Used by license for free personal use.<\/p>\n<p><strong>Photography &amp; Artwork:<\/strong><br \/>\nVee Van Daele-Hunt, Anke Herodek, <a href=\"https:\/\/www.freepik.com\" target=\"_blank\" rel=\"noopener\">Freepik<\/a>, 123RF.com (<a href=\"https:\/\/de.123rf.com\/profile_southtownboy\" target=\"_blank\" rel=\"noopener\">southtownboy<\/a>, <a class=\"ImageDetails__information--link\" href=\"https:\/\/de.123rf.com\/profile_ahmetnaim\">ahmetnaim<\/a>, <a class=\"ImageDetails__information--link\" href=\"https:\/\/de.123rf.com\/profile_oksanale\">oksanale<\/a>, <a class=\"ImageDetails__information--link\" href=\"https:\/\/de.123rf.com\/profile_mayerkleinostheim\">mayerkleinostheim<\/a>, <a href=\"https:\/\/de.123rf.com\/profile_firstblood\">firstblood<\/a>), <a href=\"https:\/\/www.clipartmax.com\/max\/m2i8K9i8b1G6A0K9\/\" target=\"_blank\" rel=\"noopener\">clipartmax.com<\/a><\/p>\n<p><strong>Haftung f\u00fcr Links:<\/strong><br \/>\nUnser Angebot enth\u00e4lt Links zu externen Websites Dritter, auf deren Inhalte wir keinen Einfluss haben. Deshalb k\u00f6nnen wir f\u00fcr diese fremden Inhalte auch keine Gew\u00e4hr \u00fcbernehmen. F\u00fcr die Inhalte der verlinkten Seiten ist stets der jeweilige Anbieter oder Betreiber der Seiten verantwortlich. Die verlinkten Seiten wurden zum Zeitpunkt der Verlinkung auf m\u00f6gliche Rechtsverst\u00f6\u00dfe \u00fcberpr\u00fcft. Rechtswidrige Inhalte waren zum Zeitpunkt der Verlinkung nicht erkennbar. Eine permanente inhaltliche Kontrolle der verlinkten Seiten ist jedoch ohne konkrete Anhaltspunkte einer Rechtsverletzung nicht zumutbar. Bei Bekanntwerden von Rechtsverletzungen werden wir derartige Links umgehend entfernen.<\/p>\n<p><strong>Accountability for links:<\/strong><br \/>\nResponsibility for the content of external links (to web pages of third parties) lies solely with the operators of the linked pages. No violations were evident to us at the time of linking. Should any legal infringement become known to us, we will remove the respective link immediately.<\/p>\n<p><strong>Urheberrecht:<\/strong><br \/>\nDie durch die Seitenbetreiber erstellten Inhalte und Werke auf diesen Seiten unterliegen dem deutschen Urheberrecht. Die Vervielf\u00e4ltigung, Bearbeitung, Verbreitung und jede Art der Verwertung au\u00dferhalb der Grenzen des Urheberrechtes bed\u00fcrfen der schriftlichen Zustimmung des jeweiligen Autors bzw. Erstellers. Downloads und Kopien dieser Seite sind nur f\u00fcr den privaten, nicht kommerziellen Gebrauch gestattet. Soweit die Inhalte auf dieser Seite nicht vom Betreiber erstellt wurden, werden die Urheberrechte Dritter beachtet. Insbesondere werden Inhalte Dritter als solche gekennzeichnet. Sollten Sie trotzdem auf eine Urheberrechtsverletzung aufmerksam werden, bitten wir um einen entsprechenden Hinweis. Bei Bekanntwerden von Rechtsverletzungen werden wir derartige Inhalte umgehend entfernen.<\/p>\n<p><strong>Copyright:<\/strong><br \/>\nOur web pages and their contents are subject to German copyright law. Unless\u00a0expressly permitted by law, every form of utilizing, reproducing or processing\u00a0works subject to copyright protection on our web pages requires the prior consent of the respective owner of the rights.<br \/>\nIndividual reproductions of a work are only allowed for private use.<br \/>\nThe materials from these pages are copyrighted and any unauthorized use may violate copyright laws.<\/p>\n","protected":false},"excerpt":{"rendered":"<p>Kontakt \/ Contact: Rafael Van Daele-Hunt Heinigstr. 50 67059 Ludwigshafen am Rhein E-Mail:\u00a0info @ pairodice.de Telefon: 0621 59 81 04 83 Datenschutzerkl\u00e4rung \/ Privacy Policy Webdesign: Wordpress Theme &#8222;Edge Plus&#8220; by Theme Freesia; adapted by Katy Dr\u00f6ge-Macdonald @Triskelion Productions Fonts: Logo-Font: Barton \u00a9 Lettersiro 2019. All Rights Reserved. Used by license for free personal use.&hellip; <\/p>\n","protected":false},"author":1,"featured_media":0,"parent":0,"menu_order":0,"comment_status":"closed","ping_status":"closed","template":"","meta":{"footnotes":""},"class_list":["post-25","page","type-page","status-publish","hentry"],"_links":{"self":[{"href":"https:\/\/pairodice.de\/de\/wp-json\/wp\/v2\/pages\/25","targetHints":{"allow":["GET"]}}],"collection":[{"href":"https:\/\/pairodice.de\/de\/wp-json\/wp\/v2\/pages"}],"about":[{"href":"https:\/\/pairodice.de\/de\/wp-json\/wp\/v2\/types\/page"}],"author":[{"embeddable":true,"href":"https:\/\/pairodice.de\/de\/wp-json\/wp\/v2\/users\/1"}],"replies":[{"embeddable":true,"href":"https:\/\/pairodice.de\/de\/wp-json\/wp\/v2\/comments?post=25"}],"version-history":[{"count":8,"href":"https:\/\/pairodice.de\/de\/wp-json\/wp\/v2\/pages\/25\/revisions"}],"predecessor-version":[{"id":922,"href":"https:\/\/pairodice.de\/de\/wp-json\/wp\/v2\/pages\/25\/revisions\/922"}],"wp:attachment":[{"href":"https:\/\/pairodice.de\/de\/wp-json\/wp\/v2\/media?parent=25"}],"curies":[{"name":"wp","href":"https:\/\/api.w.org\/{rel}","templated":true}]}}