{"id":449,"date":"2016-05-26T02:25:04","date_gmt":"2016-05-26T02:25:04","guid":{"rendered":"http:\/\/localhost\/wordpress\/edge\/?page_id=449"},"modified":"2024-10-12T15:13:35","modified_gmt":"2024-10-12T13:13:35","slug":"about-us","status":"publish","type":"page","link":"https:\/\/pairodice.de\/de\/about-us\/","title":{"rendered":"Wer ist Pair O&#8217;Dice?"},"content":{"rendered":"<p><strong>Eva<\/strong>\u00a0ist eine Art umgekehrte Superheldin \u2013 des Tags bek\u00e4mpft sie das Verbrechen, doch sobald die Sonne sinkt, verwandelt sie sich in eine einfache, biedere B\u00fcrgerin. Aber die T\u00e4uschung reicht noch eine Schicht tiefer, denn in den finstersten Stunden der Nacht fertigt sie unheilvolle Lieder, mit denen sie ihre arglosen Zuh\u00f6rer in Grauen, Schwermut und Verzweiflung zu st\u00fcrzen trachtet. Ihr Waffenarsenal ist betr\u00e4chtlich, aber ihr brillianter Plan, ein Instrument f\u00fcr jeden Tag des Jahres zu besitzen, ist noch nicht aufgegangen, da weder der Kampf gegen Mordgesellen noch das Dasein als b\u00f6ser Erzkomponist finanziell so eintr\u00e4glich ist wie man meinen sollte.<\/p>\n<p><strong>Rafael <\/strong>ist ein Universal-Dilettant, ein zwanghafter Hinterfrager von Konventionen und ein Gespr\u00e4chsfaden-Nekromant. In besonderem Ma\u00dfe hat es ihm die Linguistik angetan, wobei die N\u00fctzlichkeit einer Sprache bisweilen in inversem Verh\u00e4ltnis\u00a0 zu der Wahrscheinlichkeit seiner Befassung mit selbiger zu stehen scheint (zu den prominentesten Vertretern seiner Sammlung z\u00e4hlen Niederl\u00e4ndisch, Isl\u00e4ndisch und Sumerisch), aber auch sonstiges obskures Wissen \u2013 gleich welchem Fachbereich zugeh\u00f6rig \u2013 wird von ihm gierig aufgesogen.\u00a0 Bereits im zarten Alter von sieben Jahren verfiel seine Seele rettungslos dem Lockruf der Welt im Innern des Kristalls und zog seine Karriere hinter sich her. Sein K\u00f6rper ist eine t\u00f6dliche Waffe, trainiert in Fechten, Flamenco, Kung-Fu, Kendo und Capoeira, die er ohne zu z\u00f6gern auf alle anwenden wird, die <a href=\"https:\/\/pairodice.de\/album_three\/\">das Album<\/a> nicht kaufen wollen.<\/p>\n<p><img loading=\"lazy\" decoding=\"async\" class=\"alignnone wp-image-646\" src=\"https:\/\/pairodice.de\/wp-content\/uploads\/2024\/08\/eva_rafael-300x225.jpg\" alt=\"Eva and Rafael in front of colorful flowers and bushes.\" width=\"400\" height=\"300\" srcset=\"https:\/\/pairodice.de\/wp-content\/uploads\/2024\/08\/eva_rafael-300x225.jpg 300w, https:\/\/pairodice.de\/wp-content\/uploads\/2024\/08\/eva_rafael-150x113.jpg 150w, https:\/\/pairodice.de\/wp-content\/uploads\/2024\/08\/eva_rafael.jpg 600w\" sizes=\"auto, (max-width: 400px) 100vw, 400px\" \/><\/p>\n<p><strong>Gemeinsam<\/strong>\u00a0haben beide ihr Herz in Heidelberg verloren und bislang nicht wieder aufgefunden. In ihrer knappen Freizeit kultivieren sie multiple Pers\u00f6nlichkeiten und eine seltsame Besessenheit f\u00fcr vielseitige geometrische Gebilde. Gelegentlich singen sie auch zusammen.<\/p>\n<p>. &#8230; und dann ist da noch <strong>Vee<\/strong>, ihr singender und tanzender Teenager. \u00a0Beide k\u00f6nnten tagelang mit ihm angeben, also sprecht sie besser nicht auf dieses Thema an.<\/p>","protected":false},"excerpt":{"rendered":"<p>Eva\u00a0ist eine Art umgekehrte Superheldin \u2013 des Tags bek\u00e4mpft sie das Verbrechen, doch sobald die Sonne sinkt, verwandelt sie sich in eine einfache, biedere B\u00fcrgerin. Aber die T\u00e4uschung reicht noch eine Schicht tiefer, denn in den finstersten Stunden der Nacht fertigt sie unheilvolle Lieder, mit denen sie ihre arglosen Zuh\u00f6rer in Grauen, Schwermut und Verzweiflung&hellip; <\/p>\n","protected":false},"author":1,"featured_media":646,"parent":0,"menu_order":0,"comment_status":"closed","ping_status":"closed","template":"","meta":{"footnotes":""},"class_list":["post-449","page","type-page","status-publish","has-post-thumbnail","hentry"],"_links":{"self":[{"href":"https:\/\/pairodice.de\/de\/wp-json\/wp\/v2\/pages\/449","targetHints":{"allow":["GET"]}}],"collection":[{"href":"https:\/\/pairodice.de\/de\/wp-json\/wp\/v2\/pages"}],"about":[{"href":"https:\/\/pairodice.de\/de\/wp-json\/wp\/v2\/types\/page"}],"author":[{"embeddable":true,"href":"https:\/\/pairodice.de\/de\/wp-json\/wp\/v2\/users\/1"}],"replies":[{"embeddable":true,"href":"https:\/\/pairodice.de\/de\/wp-json\/wp\/v2\/comments?post=449"}],"version-history":[{"count":10,"href":"https:\/\/pairodice.de\/de\/wp-json\/wp\/v2\/pages\/449\/revisions"}],"predecessor-version":[{"id":956,"href":"https:\/\/pairodice.de\/de\/wp-json\/wp\/v2\/pages\/449\/revisions\/956"}],"wp:featuredmedia":[{"embeddable":true,"href":"https:\/\/pairodice.de\/de\/wp-json\/wp\/v2\/media\/646"}],"wp:attachment":[{"href":"https:\/\/pairodice.de\/de\/wp-json\/wp\/v2\/media?parent=449"}],"curies":[{"name":"wp","href":"https:\/\/api.w.org\/{rel}","templated":true}]}}