{"id":644,"date":"2024-08-25T00:00:09","date_gmt":"2024-08-24T22:00:09","guid":{"rendered":"https:\/\/pair-o-dice.filk.de\/?page_id=644"},"modified":"2024-09-29T22:39:58","modified_gmt":"2024-09-29T20:39:58","slug":"what-is-filk","status":"publish","type":"page","link":"https:\/\/pairodice.de\/de\/what-is-filk\/","title":{"rendered":"Was ist Filk?"},"content":{"rendered":"<p>Filk ist Musik. Filk ist Fantasie. Filk ist Kreativit\u00e4t.<br \/>\nFilk wird meistens, aber nicht unbedingt immer, von Amateuren geschrieben und aufgef\u00fchrt und besch\u00e4ftigt sich meistens, aber nicht unbedingt immer, mit fantastischen Themen und Texten, die meistens, aber nicht unbedingt immer, mit Folkmusik unterlegt sind. OK?<br \/>\nWenn ihr immer noch nicht wisst, was Filk ist, werden euch diese Seiten vielleicht weiterhelfen:<\/p>\n<ul>\n<li><a href=\"https:\/\/filk.fandom.com\/wiki\/Filk_Discography_Wiki\" target=\"_blank\" rel=\"noopener\">The Filk Wiki<\/a><\/li>\n<li><a href=\"https:\/\/debbieohi.squarespace.com\/filkfaq\/2007\/4\/7\/what-is-filk.html\" target=\"_blank\" rel=\"noopener\">Debbie&#8217;s Filk page<\/a><\/li>\n<li><a href=\"http:\/\/www.interfilk.org\" target=\"_blank\" rel=\"noopener\">Interfilk.org<\/a><\/li>\n<li><a href=\"http:\/\/www.kayshapero.net\/filkfaq.htm\" target=\"_blank\" rel=\"noopener\">kayshapero.net<\/a><\/li>\n<li><a href=\"http:\/\/www.filk.de\">www.filk.de<\/a><\/li>\n<\/ul>\n<p><strong>Hier sind einige Seiten von deutschen Filkern:<\/strong><\/p>\n<ul>\n<li><a href=\"http:\/\/jukaty.filk.de\/\" target=\"_blank\" rel=\"noopener\">Ju &amp; Katy <\/a>&#8211; International bekanntes Filk-Duo mit ironischen und poetischen Liedern, haupts\u00e4chlich in englischer Sprache<\/li>\n<li><a href=\"https:\/\/www.sagensang.de\" target=\"_blank\" rel=\"noopener\">Sagensang <\/a>&#8211; Lebendige Lieder und Parodien von Science Fiction bis Mittelalter<\/li>\n<li><a href=\"http:\/\/www.schattenweb.de\/schattenweb\/\" target=\"_blank\" rel=\"noopener\">Die Schattenweber <\/a>&#8211; Sehr stimmungsvolle Mittelalter- und Filkband<\/li>\n<li><a href=\"https:\/\/www.stevemacdonald.org\/\" target=\"_blank\" rel=\"noopener\">Steve Macdonald <\/a>&#8211; Importiert aus den USA; coole Songs und unvergleichliche B\u00fchnenpr\u00e4senz<\/li>\n<li><a href=\"http:\/\/www.summerandfall.de\">Summer &amp; Fall<\/a> &#8211; Ausgefeilte Harmonien und Arrangements, meist ernst\/traurig<\/li>\n<li><a href=\"http:\/\/www.thesilee.de\/\" target=\"_blank\" rel=\"noopener\">Thesilee <\/a>&#8211; Sch\u00f6ne und d\u00fcstere Lieder auf Deutsch und Englisch<\/li>\n<\/ul>\n<p><\/p>","protected":false},"excerpt":{"rendered":"<p>Filk ist Musik. Filk ist Fantasie. Filk ist Kreativit\u00e4t. Filk wird meistens, aber nicht unbedingt immer, von Amateuren geschrieben und aufgef\u00fchrt und besch\u00e4ftigt sich meistens, aber nicht unbedingt immer, mit fantastischen Themen und Texten, die meistens, aber nicht unbedingt immer, mit Folkmusik unterlegt sind. OK? Wenn ihr immer noch nicht wisst, was Filk ist, werden&hellip; <\/p>\n","protected":false},"author":1,"featured_media":0,"parent":0,"menu_order":0,"comment_status":"closed","ping_status":"closed","template":"","meta":{"footnotes":""},"class_list":["post-644","page","type-page","status-publish","hentry"],"_links":{"self":[{"href":"https:\/\/pairodice.de\/de\/wp-json\/wp\/v2\/pages\/644","targetHints":{"allow":["GET"]}}],"collection":[{"href":"https:\/\/pairodice.de\/de\/wp-json\/wp\/v2\/pages"}],"about":[{"href":"https:\/\/pairodice.de\/de\/wp-json\/wp\/v2\/types\/page"}],"author":[{"embeddable":true,"href":"https:\/\/pairodice.de\/de\/wp-json\/wp\/v2\/users\/1"}],"replies":[{"embeddable":true,"href":"https:\/\/pairodice.de\/de\/wp-json\/wp\/v2\/comments?post=644"}],"version-history":[{"count":10,"href":"https:\/\/pairodice.de\/de\/wp-json\/wp\/v2\/pages\/644\/revisions"}],"predecessor-version":[{"id":871,"href":"https:\/\/pairodice.de\/de\/wp-json\/wp\/v2\/pages\/644\/revisions\/871"}],"wp:attachment":[{"href":"https:\/\/pairodice.de\/de\/wp-json\/wp\/v2\/media?parent=644"}],"curies":[{"name":"wp","href":"https:\/\/api.w.org\/{rel}","templated":true}]}}